{"id":20,"date":"2022-02-16T11:11:17","date_gmt":"2022-02-16T10:11:17","guid":{"rendered":"https:\/\/www.drvanilka.com\/sk\/?post_type=product&#038;p=20"},"modified":"2022-06-07T11:36:13","modified_gmt":"2022-06-07T09:36:13","slug":"mleta-vanilka-50-g","status":"publish","type":"product","link":"https:\/\/www.drvanilka.com\/eur\/produkty\/mleta-vanilka-50-g\/","title":{"rendered":"Mlet\u00e1 vanilka 50 g"},"content":{"rendered":"<h2>Na co se d\u00e1 mlet\u00e1 vanilka pou\u017e\u00edt?<\/h2>\n<ul>\n<li>pe\u010den\u00ed, va\u0159en\u00ed, p\u0159\u00edprava kr\u00e9m\u016f, dort\u016f, cukrov\u00ed, makronek, v\u00fdroba zmrzliny<\/li>\n<li>ned\u00edln\u00e1 sou\u010d\u00e1st vaje\u010dn\u00e9ho ko\u0148aku<\/li>\n<li>prav\u00fd vanilkov\u00fd cukr<\/li>\n<li>dom\u00e1c\u00ed vanilkov\u00fd extrakt<\/li>\n<li>vanilkov\u00fd sirup<\/li>\n<li>vanilkov\u00e1 s\u016fl<\/li>\n<\/ul>\n<h2>Jak mletou vanilku skladovat?<\/h2>\n<ul>\n<li>Skladujte na such\u00e9m m\u00edst\u011b v pokojov\u00e9 teplot\u011b.<\/li>\n<li>Nevystavujte denn\u00edmu sv\u011btlu.<\/li>\n<li>Neskladujte v lednici nebo mraz\u00e1ku.<\/li>\n<\/ul>\n","protected":false},"excerpt":{"rendered":"<p>N\u011bkdo tvrd\u00ed, \u017ee m\u00ed\u0148 je n\u011bkdy v\u00edc, to ale rozhodn\u011b neplat\u00ed u na\u0161\u00ed vanilky! Pro\u010d kupovat mal\u00e9 balen\u00ed, kdy\u017e stejn\u011b za p\u00e1r t\u00fddn\u016f bude\u0161 objedn\u00e1vat znovu? Na\u0161e 50 g balen\u00ed vydr\u017e\u00ed a\u017e na n\u011bkolik des\u00edtek pe\u010den\u00ed a rozhodn\u011b bude tv\u00fdm v\u011brn\u00fdm pomocn\u00edkem p\u0159i p\u0159\u00edprav\u011b ka\u017ed\u00e9ho receptu.<\/p>\n","protected":false},"featured_media":108,"template":"","meta":{"inline_featured_image":false},"product_brand":[],"product_cat":[17],"product_tag":[],"class_list":{"0":"post-20","1":"product","2":"type-product","3":"status-publish","4":"has-post-thumbnail","6":"product_cat-mleta-vanilka","8":"first","9":"instock","10":"shipping-taxable","11":"purchasable","12":"product-type-simple"},"yoast_head":"<!-- This site is optimized with the Yoast SEO plugin v26.5 - https:\/\/yoast.com\/wordpress\/plugins\/seo\/ -->\n<title>Mlet\u00e1 vanilka 50 g - Dr. Vanilka \u2014 EUR<\/title>\n<meta name=\"description\" content=\"Nejkvalitn\u011bj\u0161\u00ed lusky semlet\u00e9 v\u00a050g balen\u00ed. Tahle mlet\u00e1 vanilka odr\u016fdy planifolia bourbon kvalitativn\u00ed t\u0159\u00eddy A nab\u00eddne p\u0159esn\u011b to, co hled\u00e1\u0161. Klikni a uvid\u00ed\u0161.\" \/>\n<meta name=\"robots\" content=\"index, follow, max-snippet:-1, max-image-preview:large, max-video-preview:-1\" \/>\n<link rel=\"canonical\" href=\"https:\/\/www.drvanilka.com\/eur\/produkty\/mleta-vanilka-50-g\/\" \/>\n<meta property=\"og:locale\" content=\"cs_CZ\" \/>\n<meta property=\"og:type\" content=\"article\" \/>\n<meta property=\"og:title\" content=\"Mlet\u00e1 vanilka 50 g - Dr. Vanilka \u2014 EUR\" \/>\n<meta property=\"og:description\" content=\"Nejkvalitn\u011bj\u0161\u00ed lusky semlet\u00e9 v\u00a050g balen\u00ed. Tahle mlet\u00e1 vanilka odr\u016fdy planifolia bourbon kvalitativn\u00ed t\u0159\u00eddy A nab\u00eddne p\u0159esn\u011b to, co hled\u00e1\u0161. Klikni a uvid\u00ed\u0161.\" \/>\n<meta property=\"og:url\" content=\"https:\/\/www.drvanilka.com\/eur\/produkty\/mleta-vanilka-50-g\/\" \/>\n<meta property=\"og:site_name\" content=\"Dr. Vanilka \u2014 EUR\" \/>\n<meta property=\"article:modified_time\" content=\"2022-06-07T09:36:13+00:00\" \/>\n<meta property=\"og:image\" content=\"https:\/\/www.drvanilka.com\/eur\/wp-content\/uploads\/sites\/2\/2022\/02\/mleta-vanilka-50g.jpg\" \/>\n\t<meta property=\"og:image:width\" content=\"1920\" \/>\n\t<meta property=\"og:image:height\" content=\"1280\" \/>\n\t<meta property=\"og:image:type\" content=\"image\/jpeg\" \/>\n<meta name=\"twitter:card\" content=\"summary_large_image\" \/>\n<script type=\"application\/ld+json\" class=\"yoast-schema-graph\">{\"@context\":\"https:\/\/schema.org\",\"@graph\":[{\"@type\":\"WebPage\",\"@id\":\"https:\/\/www.drvanilka.com\/eur\/produkty\/mleta-vanilka-50-g\/\",\"url\":\"https:\/\/www.drvanilka.com\/eur\/produkty\/mleta-vanilka-50-g\/\",\"name\":\"Mlet\u00e1 vanilka 50 g - Dr. Vanilka \u2014 EUR\",\"isPartOf\":{\"@id\":\"https:\/\/www.drvanilka.com\/eur\/#website\"},\"primaryImageOfPage\":{\"@id\":\"https:\/\/www.drvanilka.com\/eur\/produkty\/mleta-vanilka-50-g\/#primaryimage\"},\"image\":{\"@id\":\"https:\/\/www.drvanilka.com\/eur\/produkty\/mleta-vanilka-50-g\/#primaryimage\"},\"thumbnailUrl\":\"https:\/\/www.drvanilka.com\/eur\/wp-content\/uploads\/sites\/2\/2022\/02\/mleta-vanilka-50g.jpg\",\"datePublished\":\"2022-02-16T10:11:17+00:00\",\"dateModified\":\"2022-06-07T09:36:13+00:00\",\"description\":\"Nejkvalitn\u011bj\u0161\u00ed lusky semlet\u00e9 v\u00a050g balen\u00ed. Tahle mlet\u00e1 vanilka odr\u016fdy planifolia bourbon kvalitativn\u00ed t\u0159\u00eddy A nab\u00eddne p\u0159esn\u011b to, co hled\u00e1\u0161. Klikni a uvid\u00ed\u0161.\",\"breadcrumb\":{\"@id\":\"https:\/\/www.drvanilka.com\/eur\/produkty\/mleta-vanilka-50-g\/#breadcrumb\"},\"inLanguage\":\"cs\",\"potentialAction\":[{\"@type\":\"ReadAction\",\"target\":[\"https:\/\/www.drvanilka.com\/eur\/produkty\/mleta-vanilka-50-g\/\"]}]},{\"@type\":\"ImageObject\",\"inLanguage\":\"cs\",\"@id\":\"https:\/\/www.drvanilka.com\/eur\/produkty\/mleta-vanilka-50-g\/#primaryimage\",\"url\":\"https:\/\/www.drvanilka.com\/eur\/wp-content\/uploads\/sites\/2\/2022\/02\/mleta-vanilka-50g.jpg\",\"contentUrl\":\"https:\/\/www.drvanilka.com\/eur\/wp-content\/uploads\/sites\/2\/2022\/02\/mleta-vanilka-50g.jpg\",\"width\":1920,\"height\":1280},{\"@type\":\"BreadcrumbList\",\"@id\":\"https:\/\/www.drvanilka.com\/eur\/produkty\/mleta-vanilka-50-g\/#breadcrumb\",\"itemListElement\":[{\"@type\":\"ListItem\",\"position\":1,\"name\":\"Dom\u016f\",\"item\":\"https:\/\/www.drvanilka.com\/eur\/\"},{\"@type\":\"ListItem\",\"position\":2,\"name\":\"Produkty\",\"item\":\"https:\/\/www.drvanilka.com\/eur\/produkty\/\"},{\"@type\":\"ListItem\",\"position\":3,\"name\":\"Mlet\u00e1 vanilka 50 g\"}]},{\"@type\":\"WebSite\",\"@id\":\"https:\/\/www.drvanilka.com\/eur\/#website\",\"url\":\"https:\/\/www.drvanilka.com\/eur\/\",\"name\":\"Dr. Vanilka \u2014 EUR\",\"description\":\"pr\u00e9miov\u00e9 vanilkov\u00e9 lusky a mlet\u00e1 vanilka\",\"potentialAction\":[{\"@type\":\"SearchAction\",\"target\":{\"@type\":\"EntryPoint\",\"urlTemplate\":\"https:\/\/www.drvanilka.com\/eur\/?s={search_term_string}\"},\"query-input\":{\"@type\":\"PropertyValueSpecification\",\"valueRequired\":true,\"valueName\":\"search_term_string\"}}],\"inLanguage\":\"cs\"}]}<\/script>\n<!-- \/ Yoast SEO plugin. -->","yoast_head_json":{"title":"Mlet\u00e1 vanilka 50 g - Dr. Vanilka \u2014 EUR","description":"Nejkvalitn\u011bj\u0161\u00ed lusky semlet\u00e9 v\u00a050g balen\u00ed. Tahle mlet\u00e1 vanilka odr\u016fdy planifolia bourbon kvalitativn\u00ed t\u0159\u00eddy A nab\u00eddne p\u0159esn\u011b to, co hled\u00e1\u0161. Klikni a uvid\u00ed\u0161.","robots":{"index":"index","follow":"follow","max-snippet":"max-snippet:-1","max-image-preview":"max-image-preview:large","max-video-preview":"max-video-preview:-1"},"canonical":"https:\/\/www.drvanilka.com\/eur\/produkty\/mleta-vanilka-50-g\/","og_locale":"cs_CZ","og_type":"article","og_title":"Mlet\u00e1 vanilka 50 g - Dr. Vanilka \u2014 EUR","og_description":"Nejkvalitn\u011bj\u0161\u00ed lusky semlet\u00e9 v\u00a050g balen\u00ed. Tahle mlet\u00e1 vanilka odr\u016fdy planifolia bourbon kvalitativn\u00ed t\u0159\u00eddy A nab\u00eddne p\u0159esn\u011b to, co hled\u00e1\u0161. Klikni a uvid\u00ed\u0161.","og_url":"https:\/\/www.drvanilka.com\/eur\/produkty\/mleta-vanilka-50-g\/","og_site_name":"Dr. Vanilka \u2014 EUR","article_modified_time":"2022-06-07T09:36:13+00:00","og_image":[{"width":1920,"height":1280,"url":"https:\/\/www.drvanilka.com\/eur\/wp-content\/uploads\/sites\/2\/2022\/02\/mleta-vanilka-50g.jpg","type":"image\/jpeg"}],"twitter_card":"summary_large_image","schema":{"@context":"https:\/\/schema.org","@graph":[{"@type":"WebPage","@id":"https:\/\/www.drvanilka.com\/eur\/produkty\/mleta-vanilka-50-g\/","url":"https:\/\/www.drvanilka.com\/eur\/produkty\/mleta-vanilka-50-g\/","name":"Mlet\u00e1 vanilka 50 g - Dr. Vanilka \u2014 EUR","isPartOf":{"@id":"https:\/\/www.drvanilka.com\/eur\/#website"},"primaryImageOfPage":{"@id":"https:\/\/www.drvanilka.com\/eur\/produkty\/mleta-vanilka-50-g\/#primaryimage"},"image":{"@id":"https:\/\/www.drvanilka.com\/eur\/produkty\/mleta-vanilka-50-g\/#primaryimage"},"thumbnailUrl":"https:\/\/www.drvanilka.com\/eur\/wp-content\/uploads\/sites\/2\/2022\/02\/mleta-vanilka-50g.jpg","datePublished":"2022-02-16T10:11:17+00:00","dateModified":"2022-06-07T09:36:13+00:00","description":"Nejkvalitn\u011bj\u0161\u00ed lusky semlet\u00e9 v\u00a050g balen\u00ed. Tahle mlet\u00e1 vanilka odr\u016fdy planifolia bourbon kvalitativn\u00ed t\u0159\u00eddy A nab\u00eddne p\u0159esn\u011b to, co hled\u00e1\u0161. Klikni a uvid\u00ed\u0161.","breadcrumb":{"@id":"https:\/\/www.drvanilka.com\/eur\/produkty\/mleta-vanilka-50-g\/#breadcrumb"},"inLanguage":"cs","potentialAction":[{"@type":"ReadAction","target":["https:\/\/www.drvanilka.com\/eur\/produkty\/mleta-vanilka-50-g\/"]}]},{"@type":"ImageObject","inLanguage":"cs","@id":"https:\/\/www.drvanilka.com\/eur\/produkty\/mleta-vanilka-50-g\/#primaryimage","url":"https:\/\/www.drvanilka.com\/eur\/wp-content\/uploads\/sites\/2\/2022\/02\/mleta-vanilka-50g.jpg","contentUrl":"https:\/\/www.drvanilka.com\/eur\/wp-content\/uploads\/sites\/2\/2022\/02\/mleta-vanilka-50g.jpg","width":1920,"height":1280},{"@type":"BreadcrumbList","@id":"https:\/\/www.drvanilka.com\/eur\/produkty\/mleta-vanilka-50-g\/#breadcrumb","itemListElement":[{"@type":"ListItem","position":1,"name":"Dom\u016f","item":"https:\/\/www.drvanilka.com\/eur\/"},{"@type":"ListItem","position":2,"name":"Produkty","item":"https:\/\/www.drvanilka.com\/eur\/produkty\/"},{"@type":"ListItem","position":3,"name":"Mlet\u00e1 vanilka 50 g"}]},{"@type":"WebSite","@id":"https:\/\/www.drvanilka.com\/eur\/#website","url":"https:\/\/www.drvanilka.com\/eur\/","name":"Dr. Vanilka \u2014 EUR","description":"pr\u00e9miov\u00e9 vanilkov\u00e9 lusky a mlet\u00e1 vanilka","potentialAction":[{"@type":"SearchAction","target":{"@type":"EntryPoint","urlTemplate":"https:\/\/www.drvanilka.com\/eur\/?s={search_term_string}"},"query-input":{"@type":"PropertyValueSpecification","valueRequired":true,"valueName":"search_term_string"}}],"inLanguage":"cs"}]}},"_links":{"self":[{"href":"https:\/\/www.drvanilka.com\/eur\/wp-json\/wp\/v2\/product\/20","targetHints":{"allow":["GET"]}}],"collection":[{"href":"https:\/\/www.drvanilka.com\/eur\/wp-json\/wp\/v2\/product"}],"about":[{"href":"https:\/\/www.drvanilka.com\/eur\/wp-json\/wp\/v2\/types\/product"}],"wp:featuredmedia":[{"embeddable":true,"href":"https:\/\/www.drvanilka.com\/eur\/wp-json\/wp\/v2\/media\/108"}],"wp:attachment":[{"href":"https:\/\/www.drvanilka.com\/eur\/wp-json\/wp\/v2\/media?parent=20"}],"wp:term":[{"taxonomy":"product_brand","embeddable":true,"href":"https:\/\/www.drvanilka.com\/eur\/wp-json\/wp\/v2\/product_brand?post=20"},{"taxonomy":"product_cat","embeddable":true,"href":"https:\/\/www.drvanilka.com\/eur\/wp-json\/wp\/v2\/product_cat?post=20"},{"taxonomy":"product_tag","embeddable":true,"href":"https:\/\/www.drvanilka.com\/eur\/wp-json\/wp\/v2\/product_tag?post=20"}],"curies":[{"name":"wp","href":"https:\/\/api.w.org\/{rel}","templated":true}]}}