{"id":16,"date":"2022-02-16T11:11:16","date_gmt":"2022-02-16T10:11:16","guid":{"rendered":"https:\/\/www.drvanilka.com\/sk\/?post_type=product&#038;p=16"},"modified":"2022-06-07T11:35:45","modified_gmt":"2022-06-07T09:35:45","slug":"vanilkove-lusky-250g","status":"publish","type":"product","link":"https:\/\/www.drvanilka.com\/eur\/produkty\/vanilkove-lusky-250g\/","title":{"rendered":"Vanilkov\u00e9 lusky 250g"},"content":{"rendered":"<h2>Na co se d\u00e1 lusk vyu\u017e\u00edt?<\/h2>\n<ul>\n<li>pe\u010den\u00ed, va\u0159en\u00ed, p\u0159\u00edprava kr\u00e9m\u016f, dort\u016f, cukrov\u00ed, makronek, v\u00fdroba zmrzliny<\/li>\n<li>ned\u00edln\u00e1 sou\u010d\u00e1st vaje\u010dn\u00e9ho ko\u0148aku<\/li>\n<li>prav\u00fd vanilkov\u00fd cukr<\/li>\n<li>dom\u00e1c\u00ed vanilkov\u00fd extrakt<\/li>\n<li>vanilkov\u00fd sirup<\/li>\n<li>vanilkov\u00e1 s\u016fl<\/li>\n<\/ul>\n<h2>Jak lusk zpracovat?<\/h2>\n<ul>\n<li>Lusk jednodu\u0161e vyjmeme z obalu, polo\u017e\u00edme na pracovn\u00ed desku \u010di prk\u00fdnko a ostr\u00fdm no\u017eem po cel\u00e9 d\u00e9lce lusku roz\u0159\u00edzneme.<\/li>\n<li>\u0160pi\u010dkou no\u017ee se\u0161kr\u00e1bneme ve\u0161ker\u00fd vnit\u0159n\u00ed obsah lusku, kter\u00fd p\u0159id\u00e1me do va\u0161eho p\u0159ipravovan\u00e9ho pokrmu.<\/li>\n<li>Vy\u0161kraban\u00fd lusk nemus\u00edme ihned vyhodit, ale d\u00e1 se skv\u011ble pou\u017e\u00edt p\u0159i p\u0159\u00edprav\u011b dom\u00e1c\u00edho vanilkov\u00e9ho extraktu nebo nap\u0159\u00edklad vanilkov\u00e9ho cukru \u010di vanilkov\u00e9 soli.<\/li>\n<\/ul>\n<h2>Jak lusk skladovat?<\/h2>\n<ul>\n<li>Skladujte na such\u00e9m m\u00edst\u011b v pokojov\u00e9 teplot\u011b.<\/li>\n<li>Pokud lusky ihned nezpracujete, doporu\u010dujeme balen\u00ed op\u011bt zavakuovat.<\/li>\n<li>Pokud nem\u00e1te mo\u017enost vakuov\u00e1n\u00ed, uzav\u0159ete zbyl\u00e9 mno\u017estv\u00ed do n\u00e1doby bez voln\u00e9ho p\u0159\u00edstupu ke vzduchu.<\/li>\n<li>Ka\u017ed\u00fd t\u00fdden obsah na chv\u00edli otev\u0159ete a nechte vyv\u011btrat zhruba na 15 minut.<\/li>\n<li>Nevystavujte denn\u00edmu sv\u011btlu.<\/li>\n<li>Neskladujte v lednici nebo mraz\u00e1ku.<\/li>\n<\/ul>\n","protected":false},"excerpt":{"rendered":"<p>Tady kon\u010d\u00ed sranda a za\u010d\u00edn\u00e1 se \u0159e\u0161it opravdovej byznys. Se\u0161 majitel restaurace, cukr\u00e1rny, pek\u00e1rny, v\u00fdrobn\u00edho provozu, v\u00fdrobce zmrzliny, \u010dokol\u00e1dy nebo nap\u0159\u00edklad majitel e-shopu? P\u0159esn\u011b pro tebe je tohle kr\u00e1sn\u00fd balen\u00ed na\u0161\u00ed prvot\u0159\u00eddn\u00ed vanilky. Kvalita se ned\u00e1 oklamat, v\u011b\u0159, \u017ee i Zden\u011bk Pohlreich moc dob\u0159e v\u00ed, pro\u010d u n\u00e1s nakupuje do sv\u00fdch restaurac\u00ed.<\/p>\n<p>Kdy\u017e bude\u0161 cht\u00edt s\u00a0n\u00e1mi spolupracovat a domluvit se na velkoobchodn\u00edch cen\u00e1ch, nev\u00e1hej n\u00e1s kontaktovat a my ti poskytneme V.O cen\u00edk, ve\u0161ker\u00e9 detaily o na\u0161ich lusc\u00edch, spole\u010dn\u011b s\u00a0certifik\u00e1tem z\u00a0laborato\u0159e, kde nech\u00e1v\u00e1me na\u0161e lusky pravideln\u011b testovat.<\/p>\n","protected":false},"featured_media":112,"template":"","meta":{"inline_featured_image":false},"product_brand":[],"product_cat":[16],"product_tag":[],"class_list":{"0":"post-16","1":"product","2":"type-product","3":"status-publish","4":"has-post-thumbnail","6":"product_cat-vanilkove-lusky","8":"first","9":"instock","10":"shipping-taxable","11":"purchasable","12":"product-type-simple"},"yoast_head":"<!-- This site is optimized with the Yoast SEO plugin v26.5 - https:\/\/yoast.com\/wordpress\/plugins\/seo\/ -->\n<title>Vanilkov\u00e9 lusky 250g - Dr. Vanilka \u2014 EUR<\/title>\n<meta name=\"description\" content=\"Vanilkov\u00e9 lusky odr\u016fdy planifolia bourbon velikosti 250 g. Zaru\u010dujeme tu nejvy\u0161\u0161\u00ed kvalitu na trhu. Expedujeme do 24 hodin. Kup ji\u017e dnes.\" \/>\n<meta name=\"robots\" content=\"index, follow, max-snippet:-1, max-image-preview:large, max-video-preview:-1\" \/>\n<link rel=\"canonical\" href=\"https:\/\/www.drvanilka.com\/eur\/produkty\/vanilkove-lusky-250g\/\" \/>\n<meta property=\"og:locale\" content=\"cs_CZ\" \/>\n<meta property=\"og:type\" content=\"article\" \/>\n<meta property=\"og:title\" content=\"Vanilkov\u00e9 lusky 250g - Dr. Vanilka \u2014 EUR\" \/>\n<meta property=\"og:description\" content=\"Vanilkov\u00e9 lusky odr\u016fdy planifolia bourbon velikosti 250 g. Zaru\u010dujeme tu nejvy\u0161\u0161\u00ed kvalitu na trhu. Expedujeme do 24 hodin. Kup ji\u017e dnes.\" \/>\n<meta property=\"og:url\" content=\"https:\/\/www.drvanilka.com\/eur\/produkty\/vanilkove-lusky-250g\/\" \/>\n<meta property=\"og:site_name\" content=\"Dr. Vanilka \u2014 EUR\" \/>\n<meta property=\"article:modified_time\" content=\"2022-06-07T09:35:45+00:00\" \/>\n<meta property=\"og:image\" content=\"https:\/\/www.drvanilka.com\/eur\/wp-content\/uploads\/sites\/2\/2022\/02\/vanilkove-lusky-250g.jpg\" \/>\n\t<meta property=\"og:image:width\" content=\"1920\" \/>\n\t<meta property=\"og:image:height\" content=\"1280\" \/>\n\t<meta property=\"og:image:type\" content=\"image\/jpeg\" \/>\n<meta name=\"twitter:card\" content=\"summary_large_image\" \/>\n<meta name=\"twitter:label1\" content=\"Odhadovan\u00e1 doba \u010dten\u00ed\" \/>\n\t<meta name=\"twitter:data1\" content=\"1 minuta\" \/>\n<script type=\"application\/ld+json\" class=\"yoast-schema-graph\">{\"@context\":\"https:\/\/schema.org\",\"@graph\":[{\"@type\":\"WebPage\",\"@id\":\"https:\/\/www.drvanilka.com\/eur\/produkty\/vanilkove-lusky-250g\/\",\"url\":\"https:\/\/www.drvanilka.com\/eur\/produkty\/vanilkove-lusky-250g\/\",\"name\":\"Vanilkov\u00e9 lusky 250g - Dr. Vanilka \u2014 EUR\",\"isPartOf\":{\"@id\":\"https:\/\/www.drvanilka.com\/eur\/#website\"},\"primaryImageOfPage\":{\"@id\":\"https:\/\/www.drvanilka.com\/eur\/produkty\/vanilkove-lusky-250g\/#primaryimage\"},\"image\":{\"@id\":\"https:\/\/www.drvanilka.com\/eur\/produkty\/vanilkove-lusky-250g\/#primaryimage\"},\"thumbnailUrl\":\"https:\/\/www.drvanilka.com\/eur\/wp-content\/uploads\/sites\/2\/2022\/02\/vanilkove-lusky-250g.jpg\",\"datePublished\":\"2022-02-16T10:11:16+00:00\",\"dateModified\":\"2022-06-07T09:35:45+00:00\",\"description\":\"Vanilkov\u00e9 lusky odr\u016fdy planifolia bourbon velikosti 250 g. Zaru\u010dujeme tu nejvy\u0161\u0161\u00ed kvalitu na trhu. Expedujeme do 24 hodin. Kup ji\u017e dnes.\",\"breadcrumb\":{\"@id\":\"https:\/\/www.drvanilka.com\/eur\/produkty\/vanilkove-lusky-250g\/#breadcrumb\"},\"inLanguage\":\"cs\",\"potentialAction\":[{\"@type\":\"ReadAction\",\"target\":[\"https:\/\/www.drvanilka.com\/eur\/produkty\/vanilkove-lusky-250g\/\"]}]},{\"@type\":\"ImageObject\",\"inLanguage\":\"cs\",\"@id\":\"https:\/\/www.drvanilka.com\/eur\/produkty\/vanilkove-lusky-250g\/#primaryimage\",\"url\":\"https:\/\/www.drvanilka.com\/eur\/wp-content\/uploads\/sites\/2\/2022\/02\/vanilkove-lusky-250g.jpg\",\"contentUrl\":\"https:\/\/www.drvanilka.com\/eur\/wp-content\/uploads\/sites\/2\/2022\/02\/vanilkove-lusky-250g.jpg\",\"width\":1920,\"height\":1280},{\"@type\":\"BreadcrumbList\",\"@id\":\"https:\/\/www.drvanilka.com\/eur\/produkty\/vanilkove-lusky-250g\/#breadcrumb\",\"itemListElement\":[{\"@type\":\"ListItem\",\"position\":1,\"name\":\"Dom\u016f\",\"item\":\"https:\/\/www.drvanilka.com\/eur\/\"},{\"@type\":\"ListItem\",\"position\":2,\"name\":\"Produkty\",\"item\":\"https:\/\/www.drvanilka.com\/eur\/produkty\/\"},{\"@type\":\"ListItem\",\"position\":3,\"name\":\"Vanilkov\u00e9 lusky 250g\"}]},{\"@type\":\"WebSite\",\"@id\":\"https:\/\/www.drvanilka.com\/eur\/#website\",\"url\":\"https:\/\/www.drvanilka.com\/eur\/\",\"name\":\"Dr. Vanilka \u2014 EUR\",\"description\":\"pr\u00e9miov\u00e9 vanilkov\u00e9 lusky a mlet\u00e1 vanilka\",\"potentialAction\":[{\"@type\":\"SearchAction\",\"target\":{\"@type\":\"EntryPoint\",\"urlTemplate\":\"https:\/\/www.drvanilka.com\/eur\/?s={search_term_string}\"},\"query-input\":{\"@type\":\"PropertyValueSpecification\",\"valueRequired\":true,\"valueName\":\"search_term_string\"}}],\"inLanguage\":\"cs\"}]}<\/script>\n<!-- \/ Yoast SEO plugin. -->","yoast_head_json":{"title":"Vanilkov\u00e9 lusky 250g - Dr. Vanilka \u2014 EUR","description":"Vanilkov\u00e9 lusky odr\u016fdy planifolia bourbon velikosti 250 g. Zaru\u010dujeme tu nejvy\u0161\u0161\u00ed kvalitu na trhu. Expedujeme do 24 hodin. Kup ji\u017e dnes.","robots":{"index":"index","follow":"follow","max-snippet":"max-snippet:-1","max-image-preview":"max-image-preview:large","max-video-preview":"max-video-preview:-1"},"canonical":"https:\/\/www.drvanilka.com\/eur\/produkty\/vanilkove-lusky-250g\/","og_locale":"cs_CZ","og_type":"article","og_title":"Vanilkov\u00e9 lusky 250g - Dr. Vanilka \u2014 EUR","og_description":"Vanilkov\u00e9 lusky odr\u016fdy planifolia bourbon velikosti 250 g. Zaru\u010dujeme tu nejvy\u0161\u0161\u00ed kvalitu na trhu. Expedujeme do 24 hodin. Kup ji\u017e dnes.","og_url":"https:\/\/www.drvanilka.com\/eur\/produkty\/vanilkove-lusky-250g\/","og_site_name":"Dr. Vanilka \u2014 EUR","article_modified_time":"2022-06-07T09:35:45+00:00","og_image":[{"width":1920,"height":1280,"url":"https:\/\/www.drvanilka.com\/eur\/wp-content\/uploads\/sites\/2\/2022\/02\/vanilkove-lusky-250g.jpg","type":"image\/jpeg"}],"twitter_card":"summary_large_image","twitter_misc":{"Odhadovan\u00e1 doba \u010dten\u00ed":"1 minuta"},"schema":{"@context":"https:\/\/schema.org","@graph":[{"@type":"WebPage","@id":"https:\/\/www.drvanilka.com\/eur\/produkty\/vanilkove-lusky-250g\/","url":"https:\/\/www.drvanilka.com\/eur\/produkty\/vanilkove-lusky-250g\/","name":"Vanilkov\u00e9 lusky 250g - Dr. Vanilka \u2014 EUR","isPartOf":{"@id":"https:\/\/www.drvanilka.com\/eur\/#website"},"primaryImageOfPage":{"@id":"https:\/\/www.drvanilka.com\/eur\/produkty\/vanilkove-lusky-250g\/#primaryimage"},"image":{"@id":"https:\/\/www.drvanilka.com\/eur\/produkty\/vanilkove-lusky-250g\/#primaryimage"},"thumbnailUrl":"https:\/\/www.drvanilka.com\/eur\/wp-content\/uploads\/sites\/2\/2022\/02\/vanilkove-lusky-250g.jpg","datePublished":"2022-02-16T10:11:16+00:00","dateModified":"2022-06-07T09:35:45+00:00","description":"Vanilkov\u00e9 lusky odr\u016fdy planifolia bourbon velikosti 250 g. Zaru\u010dujeme tu nejvy\u0161\u0161\u00ed kvalitu na trhu. Expedujeme do 24 hodin. Kup ji\u017e dnes.","breadcrumb":{"@id":"https:\/\/www.drvanilka.com\/eur\/produkty\/vanilkove-lusky-250g\/#breadcrumb"},"inLanguage":"cs","potentialAction":[{"@type":"ReadAction","target":["https:\/\/www.drvanilka.com\/eur\/produkty\/vanilkove-lusky-250g\/"]}]},{"@type":"ImageObject","inLanguage":"cs","@id":"https:\/\/www.drvanilka.com\/eur\/produkty\/vanilkove-lusky-250g\/#primaryimage","url":"https:\/\/www.drvanilka.com\/eur\/wp-content\/uploads\/sites\/2\/2022\/02\/vanilkove-lusky-250g.jpg","contentUrl":"https:\/\/www.drvanilka.com\/eur\/wp-content\/uploads\/sites\/2\/2022\/02\/vanilkove-lusky-250g.jpg","width":1920,"height":1280},{"@type":"BreadcrumbList","@id":"https:\/\/www.drvanilka.com\/eur\/produkty\/vanilkove-lusky-250g\/#breadcrumb","itemListElement":[{"@type":"ListItem","position":1,"name":"Dom\u016f","item":"https:\/\/www.drvanilka.com\/eur\/"},{"@type":"ListItem","position":2,"name":"Produkty","item":"https:\/\/www.drvanilka.com\/eur\/produkty\/"},{"@type":"ListItem","position":3,"name":"Vanilkov\u00e9 lusky 250g"}]},{"@type":"WebSite","@id":"https:\/\/www.drvanilka.com\/eur\/#website","url":"https:\/\/www.drvanilka.com\/eur\/","name":"Dr. Vanilka \u2014 EUR","description":"pr\u00e9miov\u00e9 vanilkov\u00e9 lusky a mlet\u00e1 vanilka","potentialAction":[{"@type":"SearchAction","target":{"@type":"EntryPoint","urlTemplate":"https:\/\/www.drvanilka.com\/eur\/?s={search_term_string}"},"query-input":{"@type":"PropertyValueSpecification","valueRequired":true,"valueName":"search_term_string"}}],"inLanguage":"cs"}]}},"_links":{"self":[{"href":"https:\/\/www.drvanilka.com\/eur\/wp-json\/wp\/v2\/product\/16","targetHints":{"allow":["GET"]}}],"collection":[{"href":"https:\/\/www.drvanilka.com\/eur\/wp-json\/wp\/v2\/product"}],"about":[{"href":"https:\/\/www.drvanilka.com\/eur\/wp-json\/wp\/v2\/types\/product"}],"wp:featuredmedia":[{"embeddable":true,"href":"https:\/\/www.drvanilka.com\/eur\/wp-json\/wp\/v2\/media\/112"}],"wp:attachment":[{"href":"https:\/\/www.drvanilka.com\/eur\/wp-json\/wp\/v2\/media?parent=16"}],"wp:term":[{"taxonomy":"product_brand","embeddable":true,"href":"https:\/\/www.drvanilka.com\/eur\/wp-json\/wp\/v2\/product_brand?post=16"},{"taxonomy":"product_cat","embeddable":true,"href":"https:\/\/www.drvanilka.com\/eur\/wp-json\/wp\/v2\/product_cat?post=16"},{"taxonomy":"product_tag","embeddable":true,"href":"https:\/\/www.drvanilka.com\/eur\/wp-json\/wp\/v2\/product_tag?post=16"}],"curies":[{"name":"wp","href":"https:\/\/api.w.org\/{rel}","templated":true}]}}