{"id":14,"date":"2022-02-16T11:11:16","date_gmt":"2022-02-16T10:11:16","guid":{"rendered":"https:\/\/www.drvanilka.com\/sk\/?post_type=product&#038;p=14"},"modified":"2022-06-07T11:35:27","modified_gmt":"2022-06-07T09:35:27","slug":"vanilkove-lusky-5-ks-velikost-xl","status":"publish","type":"product","link":"https:\/\/www.drvanilka.com\/eur\/produkty\/vanilkove-lusky-5-ks-velikost-xl\/","title":{"rendered":"Vanilkov\u00e9 lusky 5 ks velikost XL"},"content":{"rendered":"<h2>Na co se d\u00e1 lusk vyu\u017e\u00edt?<\/h2>\n<ul>\n<li>pe\u010den\u00ed, va\u0159en\u00ed, p\u0159\u00edprava kr\u00e9m\u016f, dort\u016f, cukrov\u00ed, makronek, v\u00fdroba zmrzliny<\/li>\n<li>ned\u00edln\u00e1 sou\u010d\u00e1st vaje\u010dn\u00e9ho ko\u0148aku<\/li>\n<li>prav\u00fd vanilkov\u00fd cukr<\/li>\n<li>dom\u00e1c\u00ed vanilkov\u00fd extrakt<\/li>\n<li>vanilkov\u00fd sirup<\/li>\n<li>vanilkov\u00e1 s\u016fl<\/li>\n<\/ul>\n<h2>Jak lusk zpracovat?<\/h2>\n<ul>\n<li>Lusk jednodu\u0161e vyjmeme z obalu, polo\u017e\u00edme na pracovn\u00ed desku \u010di prk\u00fdnko a ostr\u00fdm no\u017eem po cel\u00e9 d\u00e9lce lusku roz\u0159\u00edzneme.<\/li>\n<li>\u0160pi\u010dkou no\u017ee se\u0161kr\u00e1bneme ve\u0161ker\u00fd vnit\u0159n\u00ed obsah lusku, kter\u00fd p\u0159id\u00e1me do va\u0161eho p\u0159ipravovan\u00e9ho pokrmu.<\/li>\n<li>Vy\u0161kraban\u00fd lusk nemus\u00edme ihned vyhodit, ale d\u00e1 se skv\u011ble pou\u017e\u00edt p\u0159i p\u0159\u00edprav\u011b dom\u00e1c\u00edho vanilkov\u00e9ho extraktu nebo nap\u0159\u00edklad vanilkov\u00e9ho cukru \u010di vanilkov\u00e9 soli.<\/li>\n<\/ul>\n<h2>Jak lusk skladovat?<\/h2>\n<ul>\n<li>Skladujte na such\u00e9m m\u00edst\u011b v pokojov\u00e9 teplot\u011b,<\/li>\n<li>Pokud lusky ihned nezpracujete, uzav\u0159ete zbyl\u00e9 mno\u017estv\u00ed do n\u00e1doby bez voln\u00e9ho p\u0159\u00edstupu ke vzduchu nebo zabalte do alobalu.<\/li>\n<li>Ka\u017ed\u00fd t\u00fdden obsah na chv\u00edli otev\u0159ete a nechte vyv\u011btrat zhruba na 15 minut.<\/li>\n<li>Nevystavujte denn\u00edmu sv\u011btlu.<\/li>\n<li>Neskladujte v lednici nebo mraz\u00e1ku.<\/li>\n<\/ul>\n","protected":false},"excerpt":{"rendered":"<p>Pe\u010den\u00ed u\u017e nen\u00ed jen ob\u010dasn\u00fd kon\u00ed\u010dek, ale je to z\u00e1rove\u0148 i tvoje pr\u00e1ce? Pe\u010de\u0161 nejen pro sebe, ale i pro sv\u00e9 okol\u00ed, kter\u00e9 nem\u016f\u017ee bez tv\u00fdch sladkost\u00ed b\u00fdt a ty po\u0159\u00e1d mus\u00ed\u0161 vym\u00fd\u0161let, \u010d\u00edm jejich touhy ukojit? Tak p\u0159esn\u011b pro tebe m\u00e1me nachyst\u00e1no 5 lusk\u016f XL, kter\u00e9 nab\u00edz\u00ed nejlep\u0161\u00ed pom\u011br \u201ecena\/v\u00fdkon\u201c. Z\u00a0na\u0161ich p\u011bti lusk\u016f XL m\u016f\u017ee\u0161 ud\u011blat a\u017e 7 kg vo\u0148av\u00e9ho t\u011bsta \u010di kr\u00e9mu! Pokud by ti n\u00e1hodou n\u011bjak\u00fd lusk zbyl, m\u016f\u017ee\u0161 ho uchovat v\u00a0uzav\u0159en\u00e9 n\u00e1dob\u011b pro dal\u0161\u00ed budouc\u00ed vyu\u017eit\u00ed.<\/p>\n","protected":false},"featured_media":94,"template":"","meta":{"inline_featured_image":false},"product_brand":[],"product_cat":[16],"product_tag":[],"class_list":{"0":"post-14","1":"product","2":"type-product","3":"status-publish","4":"has-post-thumbnail","6":"product_cat-vanilkove-lusky","8":"first","9":"instock","10":"shipping-taxable","11":"purchasable","12":"product-type-simple"},"yoast_head":"<!-- This site is optimized with the Yoast SEO plugin v26.5 - https:\/\/yoast.com\/wordpress\/plugins\/seo\/ -->\n<title>Vanilkov\u00e9 lusky 5 ks velikost XL - Dr. Vanilka \u2014 EUR<\/title>\n<meta name=\"description\" content=\"Vanilkov\u00e9 lusky XL s\u00a0d\u00e9lkou 18 \u2013 20 cm ve vakuov\u00e9m balen\u00ed p\u0159ekvap\u00ed nejen tebe, ale v\u0161echny, pro kter\u00e9 bude\u0161 p\u00e9ct sv\u00e1 veled\u00edla. Klikni a kupuj.\" \/>\n<meta name=\"robots\" content=\"index, follow, max-snippet:-1, max-image-preview:large, max-video-preview:-1\" \/>\n<link rel=\"canonical\" href=\"https:\/\/www.drvanilka.com\/eur\/produkty\/vanilkove-lusky-5-ks-velikost-xl\/\" \/>\n<meta property=\"og:locale\" content=\"cs_CZ\" \/>\n<meta property=\"og:type\" content=\"article\" \/>\n<meta property=\"og:title\" content=\"Vanilkov\u00e9 lusky 5 ks velikost XL - Dr. Vanilka \u2014 EUR\" \/>\n<meta property=\"og:description\" content=\"Vanilkov\u00e9 lusky XL s\u00a0d\u00e9lkou 18 \u2013 20 cm ve vakuov\u00e9m balen\u00ed p\u0159ekvap\u00ed nejen tebe, ale v\u0161echny, pro kter\u00e9 bude\u0161 p\u00e9ct sv\u00e1 veled\u00edla. Klikni a kupuj.\" \/>\n<meta property=\"og:url\" content=\"https:\/\/www.drvanilka.com\/eur\/produkty\/vanilkove-lusky-5-ks-velikost-xl\/\" \/>\n<meta property=\"og:site_name\" content=\"Dr. Vanilka \u2014 EUR\" \/>\n<meta property=\"article:modified_time\" content=\"2022-06-07T09:35:27+00:00\" \/>\n<meta property=\"og:image\" content=\"https:\/\/www.drvanilka.com\/eur\/wp-content\/uploads\/sites\/2\/2022\/02\/vanilkove-lusky.jpg\" \/>\n\t<meta property=\"og:image:width\" content=\"1920\" \/>\n\t<meta property=\"og:image:height\" content=\"1280\" \/>\n\t<meta property=\"og:image:type\" content=\"image\/jpeg\" \/>\n<meta name=\"twitter:card\" content=\"summary_large_image\" \/>\n<meta name=\"twitter:label1\" content=\"Odhadovan\u00e1 doba \u010dten\u00ed\" \/>\n\t<meta name=\"twitter:data1\" content=\"1 minuta\" \/>\n<script type=\"application\/ld+json\" class=\"yoast-schema-graph\">{\"@context\":\"https:\/\/schema.org\",\"@graph\":[{\"@type\":\"WebPage\",\"@id\":\"https:\/\/www.drvanilka.com\/eur\/produkty\/vanilkove-lusky-5-ks-velikost-xl\/\",\"url\":\"https:\/\/www.drvanilka.com\/eur\/produkty\/vanilkove-lusky-5-ks-velikost-xl\/\",\"name\":\"Vanilkov\u00e9 lusky 5 ks velikost XL - Dr. Vanilka \u2014 EUR\",\"isPartOf\":{\"@id\":\"https:\/\/www.drvanilka.com\/eur\/#website\"},\"primaryImageOfPage\":{\"@id\":\"https:\/\/www.drvanilka.com\/eur\/produkty\/vanilkove-lusky-5-ks-velikost-xl\/#primaryimage\"},\"image\":{\"@id\":\"https:\/\/www.drvanilka.com\/eur\/produkty\/vanilkove-lusky-5-ks-velikost-xl\/#primaryimage\"},\"thumbnailUrl\":\"https:\/\/www.drvanilka.com\/eur\/wp-content\/uploads\/sites\/2\/2022\/02\/vanilkove-lusky.jpg\",\"datePublished\":\"2022-02-16T10:11:16+00:00\",\"dateModified\":\"2022-06-07T09:35:27+00:00\",\"description\":\"Vanilkov\u00e9 lusky XL s\u00a0d\u00e9lkou 18 \u2013 20 cm ve vakuov\u00e9m balen\u00ed p\u0159ekvap\u00ed nejen tebe, ale v\u0161echny, pro kter\u00e9 bude\u0161 p\u00e9ct sv\u00e1 veled\u00edla. Klikni a kupuj.\",\"breadcrumb\":{\"@id\":\"https:\/\/www.drvanilka.com\/eur\/produkty\/vanilkove-lusky-5-ks-velikost-xl\/#breadcrumb\"},\"inLanguage\":\"cs\",\"potentialAction\":[{\"@type\":\"ReadAction\",\"target\":[\"https:\/\/www.drvanilka.com\/eur\/produkty\/vanilkove-lusky-5-ks-velikost-xl\/\"]}]},{\"@type\":\"ImageObject\",\"inLanguage\":\"cs\",\"@id\":\"https:\/\/www.drvanilka.com\/eur\/produkty\/vanilkove-lusky-5-ks-velikost-xl\/#primaryimage\",\"url\":\"https:\/\/www.drvanilka.com\/eur\/wp-content\/uploads\/sites\/2\/2022\/02\/vanilkove-lusky.jpg\",\"contentUrl\":\"https:\/\/www.drvanilka.com\/eur\/wp-content\/uploads\/sites\/2\/2022\/02\/vanilkove-lusky.jpg\",\"width\":1920,\"height\":1280},{\"@type\":\"BreadcrumbList\",\"@id\":\"https:\/\/www.drvanilka.com\/eur\/produkty\/vanilkove-lusky-5-ks-velikost-xl\/#breadcrumb\",\"itemListElement\":[{\"@type\":\"ListItem\",\"position\":1,\"name\":\"Dom\u016f\",\"item\":\"https:\/\/www.drvanilka.com\/eur\/\"},{\"@type\":\"ListItem\",\"position\":2,\"name\":\"Produkty\",\"item\":\"https:\/\/www.drvanilka.com\/eur\/produkty\/\"},{\"@type\":\"ListItem\",\"position\":3,\"name\":\"Vanilkov\u00e9 lusky 5 ks velikost XL\"}]},{\"@type\":\"WebSite\",\"@id\":\"https:\/\/www.drvanilka.com\/eur\/#website\",\"url\":\"https:\/\/www.drvanilka.com\/eur\/\",\"name\":\"Dr. Vanilka \u2014 EUR\",\"description\":\"pr\u00e9miov\u00e9 vanilkov\u00e9 lusky a mlet\u00e1 vanilka\",\"potentialAction\":[{\"@type\":\"SearchAction\",\"target\":{\"@type\":\"EntryPoint\",\"urlTemplate\":\"https:\/\/www.drvanilka.com\/eur\/?s={search_term_string}\"},\"query-input\":{\"@type\":\"PropertyValueSpecification\",\"valueRequired\":true,\"valueName\":\"search_term_string\"}}],\"inLanguage\":\"cs\"}]}<\/script>\n<!-- \/ Yoast SEO plugin. -->","yoast_head_json":{"title":"Vanilkov\u00e9 lusky 5 ks velikost XL - Dr. Vanilka \u2014 EUR","description":"Vanilkov\u00e9 lusky XL s\u00a0d\u00e9lkou 18 \u2013 20 cm ve vakuov\u00e9m balen\u00ed p\u0159ekvap\u00ed nejen tebe, ale v\u0161echny, pro kter\u00e9 bude\u0161 p\u00e9ct sv\u00e1 veled\u00edla. Klikni a kupuj.","robots":{"index":"index","follow":"follow","max-snippet":"max-snippet:-1","max-image-preview":"max-image-preview:large","max-video-preview":"max-video-preview:-1"},"canonical":"https:\/\/www.drvanilka.com\/eur\/produkty\/vanilkove-lusky-5-ks-velikost-xl\/","og_locale":"cs_CZ","og_type":"article","og_title":"Vanilkov\u00e9 lusky 5 ks velikost XL - Dr. Vanilka \u2014 EUR","og_description":"Vanilkov\u00e9 lusky XL s\u00a0d\u00e9lkou 18 \u2013 20 cm ve vakuov\u00e9m balen\u00ed p\u0159ekvap\u00ed nejen tebe, ale v\u0161echny, pro kter\u00e9 bude\u0161 p\u00e9ct sv\u00e1 veled\u00edla. Klikni a kupuj.","og_url":"https:\/\/www.drvanilka.com\/eur\/produkty\/vanilkove-lusky-5-ks-velikost-xl\/","og_site_name":"Dr. Vanilka \u2014 EUR","article_modified_time":"2022-06-07T09:35:27+00:00","og_image":[{"width":1920,"height":1280,"url":"https:\/\/www.drvanilka.com\/eur\/wp-content\/uploads\/sites\/2\/2022\/02\/vanilkove-lusky.jpg","type":"image\/jpeg"}],"twitter_card":"summary_large_image","twitter_misc":{"Odhadovan\u00e1 doba \u010dten\u00ed":"1 minuta"},"schema":{"@context":"https:\/\/schema.org","@graph":[{"@type":"WebPage","@id":"https:\/\/www.drvanilka.com\/eur\/produkty\/vanilkove-lusky-5-ks-velikost-xl\/","url":"https:\/\/www.drvanilka.com\/eur\/produkty\/vanilkove-lusky-5-ks-velikost-xl\/","name":"Vanilkov\u00e9 lusky 5 ks velikost XL - Dr. Vanilka \u2014 EUR","isPartOf":{"@id":"https:\/\/www.drvanilka.com\/eur\/#website"},"primaryImageOfPage":{"@id":"https:\/\/www.drvanilka.com\/eur\/produkty\/vanilkove-lusky-5-ks-velikost-xl\/#primaryimage"},"image":{"@id":"https:\/\/www.drvanilka.com\/eur\/produkty\/vanilkove-lusky-5-ks-velikost-xl\/#primaryimage"},"thumbnailUrl":"https:\/\/www.drvanilka.com\/eur\/wp-content\/uploads\/sites\/2\/2022\/02\/vanilkove-lusky.jpg","datePublished":"2022-02-16T10:11:16+00:00","dateModified":"2022-06-07T09:35:27+00:00","description":"Vanilkov\u00e9 lusky XL s\u00a0d\u00e9lkou 18 \u2013 20 cm ve vakuov\u00e9m balen\u00ed p\u0159ekvap\u00ed nejen tebe, ale v\u0161echny, pro kter\u00e9 bude\u0161 p\u00e9ct sv\u00e1 veled\u00edla. Klikni a kupuj.","breadcrumb":{"@id":"https:\/\/www.drvanilka.com\/eur\/produkty\/vanilkove-lusky-5-ks-velikost-xl\/#breadcrumb"},"inLanguage":"cs","potentialAction":[{"@type":"ReadAction","target":["https:\/\/www.drvanilka.com\/eur\/produkty\/vanilkove-lusky-5-ks-velikost-xl\/"]}]},{"@type":"ImageObject","inLanguage":"cs","@id":"https:\/\/www.drvanilka.com\/eur\/produkty\/vanilkove-lusky-5-ks-velikost-xl\/#primaryimage","url":"https:\/\/www.drvanilka.com\/eur\/wp-content\/uploads\/sites\/2\/2022\/02\/vanilkove-lusky.jpg","contentUrl":"https:\/\/www.drvanilka.com\/eur\/wp-content\/uploads\/sites\/2\/2022\/02\/vanilkove-lusky.jpg","width":1920,"height":1280},{"@type":"BreadcrumbList","@id":"https:\/\/www.drvanilka.com\/eur\/produkty\/vanilkove-lusky-5-ks-velikost-xl\/#breadcrumb","itemListElement":[{"@type":"ListItem","position":1,"name":"Dom\u016f","item":"https:\/\/www.drvanilka.com\/eur\/"},{"@type":"ListItem","position":2,"name":"Produkty","item":"https:\/\/www.drvanilka.com\/eur\/produkty\/"},{"@type":"ListItem","position":3,"name":"Vanilkov\u00e9 lusky 5 ks velikost XL"}]},{"@type":"WebSite","@id":"https:\/\/www.drvanilka.com\/eur\/#website","url":"https:\/\/www.drvanilka.com\/eur\/","name":"Dr. Vanilka \u2014 EUR","description":"pr\u00e9miov\u00e9 vanilkov\u00e9 lusky a mlet\u00e1 vanilka","potentialAction":[{"@type":"SearchAction","target":{"@type":"EntryPoint","urlTemplate":"https:\/\/www.drvanilka.com\/eur\/?s={search_term_string}"},"query-input":{"@type":"PropertyValueSpecification","valueRequired":true,"valueName":"search_term_string"}}],"inLanguage":"cs"}]}},"_links":{"self":[{"href":"https:\/\/www.drvanilka.com\/eur\/wp-json\/wp\/v2\/product\/14","targetHints":{"allow":["GET"]}}],"collection":[{"href":"https:\/\/www.drvanilka.com\/eur\/wp-json\/wp\/v2\/product"}],"about":[{"href":"https:\/\/www.drvanilka.com\/eur\/wp-json\/wp\/v2\/types\/product"}],"wp:featuredmedia":[{"embeddable":true,"href":"https:\/\/www.drvanilka.com\/eur\/wp-json\/wp\/v2\/media\/94"}],"wp:attachment":[{"href":"https:\/\/www.drvanilka.com\/eur\/wp-json\/wp\/v2\/media?parent=14"}],"wp:term":[{"taxonomy":"product_brand","embeddable":true,"href":"https:\/\/www.drvanilka.com\/eur\/wp-json\/wp\/v2\/product_brand?post=14"},{"taxonomy":"product_cat","embeddable":true,"href":"https:\/\/www.drvanilka.com\/eur\/wp-json\/wp\/v2\/product_cat?post=14"},{"taxonomy":"product_tag","embeddable":true,"href":"https:\/\/www.drvanilka.com\/eur\/wp-json\/wp\/v2\/product_tag?post=14"}],"curies":[{"name":"wp","href":"https:\/\/api.w.org\/{rel}","templated":true}]}}